{"id":970,"date":"2023-10-24T09:06:45","date_gmt":"2023-10-24T09:06:45","guid":{"rendered":"https:\/\/studiobenkert.com\/?page_id=970"},"modified":"2023-10-25T14:00:04","modified_gmt":"2023-10-25T14:00:04","slug":"about-us","status":"publish","type":"page","link":"https:\/\/studiobenkert.com\/index.php\/about-us\/","title":{"rendered":"About Us"},"content":{"rendered":"\t\t<div data-elementor-type=\"wp-page\" data-elementor-id=\"970\" class=\"elementor elementor-970\" data-elementor-post-type=\"page\">\n\t\t\t\t<div class=\"elementor-element elementor-element-710f25c4 e-con-full e-flex e-con e-parent\" data-id=\"710f25c4\" data-element_type=\"container\" data-settings=\"{&quot;background_background&quot;:&quot;classic&quot;,&quot;background_motion_fx_translateY_effect&quot;:&quot;yes&quot;,&quot;background_motion_fx_translateY_direction&quot;:&quot;negative&quot;,&quot;background_motion_fx_translateY_speed&quot;:{&quot;unit&quot;:&quot;px&quot;,&quot;size&quot;:9.6,&quot;sizes&quot;:[]},&quot;background_motion_fx_translateY_affectedRange&quot;:{&quot;unit&quot;:&quot;%&quot;,&quot;size&quot;:&quot;&quot;,&quot;sizes&quot;:{&quot;start&quot;:0,&quot;end&quot;:53}},&quot;background_motion_fx_motion_fx_scrolling&quot;:&quot;yes&quot;,&quot;background_motion_fx_devices&quot;:[&quot;desktop&quot;,&quot;tablet&quot;,&quot;mobile&quot;]}\">\n\t\t<div class=\"elementor-element elementor-element-338f7fa e-con-full e-flex e-con e-child\" data-id=\"338f7fa\" data-element_type=\"container\">\n\t\t\t\t<div class=\"elementor-element elementor-element-53ef326f elementor-widget elementor-widget-heading\" data-id=\"53ef326f\" data-element_type=\"widget\" data-widget_type=\"heading.default\">\n\t\t\t\t<div class=\"elementor-widget-container\">\n\t\t\t<style>\/*! elementor - v3.23.0 - 25-07-2024 *\/\n.elementor-heading-title{padding:0;margin:0;line-height:1}.elementor-widget-heading .elementor-heading-title[class*=elementor-size-]>a{color:inherit;font-size:inherit;line-height:inherit}.elementor-widget-heading .elementor-heading-title.elementor-size-small{font-size:15px}.elementor-widget-heading .elementor-heading-title.elementor-size-medium{font-size:19px}.elementor-widget-heading .elementor-heading-title.elementor-size-large{font-size:29px}.elementor-widget-heading .elementor-heading-title.elementor-size-xl{font-size:39px}.elementor-widget-heading .elementor-heading-title.elementor-size-xxl{font-size:59px}<\/style><h1 class=\"elementor-heading-title elementor-size-default\">ABOUT US<\/h1>\t\t<\/div>\n\t\t\t\t<\/div>\n\t\t<div class=\"elementor-element elementor-element-1c49524e e-con-full e-flex e-con e-child\" data-id=\"1c49524e\" data-element_type=\"container\">\n\t\t<div class=\"elementor-element elementor-element-51973d25 e-con-full e-flex e-con e-child\" data-id=\"51973d25\" data-element_type=\"container\">\n\t\t\t\t<div class=\"elementor-element elementor-element-2d06c644 elementor-align-left elementor-tablet-align-left elementor-mobile-align-left elementor-list-item-link-inline elementor-icon-list--layout-traditional elementor-widget elementor-widget-icon-list\" data-id=\"2d06c644\" data-element_type=\"widget\" data-widget_type=\"icon-list.default\">\n\t\t\t\t<div class=\"elementor-widget-container\">\n\t\t\t<link rel=\"stylesheet\" href=\"https:\/\/studiobenkert.com\/wp-content\/plugins\/elementor\/assets\/css\/widget-icon-list.min.css\">\t\t<ul class=\"elementor-icon-list-items\">\n\t\t\t\t\t\t\t<li class=\"elementor-icon-list-item\">\n\t\t\t\t\t\t\t\t\t\t\t<span class=\"elementor-icon-list-icon\">\n\t\t\t\t\t\t\t<svg xmlns=\"http:\/\/www.w3.org\/2000\/svg\" id=\"a7b0d86f-135d-4a38-9d57-3b7255e4a965\" data-name=\"Layer 1\" width=\"14\" height=\"14\" viewBox=\"0 0 14 14\"><path d=\"M7,14a7,7,0,1,1,7-7A7.0081,7.0081,0,0,1,7,14ZM7,1.5A5.5,5.5,0,1,0,12.5,7,5.5062,5.5062,0,0,0,7,1.5Z\"><\/path><\/svg>\t\t\t\t\t\t<\/span>\n\t\t\t\t\t\t\t\t\t\t<span class=\"elementor-icon-list-text\">WE ARE studiobenkert<\/span>\n\t\t\t\t\t\t\t\t\t<\/li>\n\t\t\t\t\t\t<\/ul>\n\t\t\t\t<\/div>\n\t\t\t\t<\/div>\n\t\t\t\t<div class=\"elementor-element elementor-element-7724822f elementor-widget elementor-widget-text-editor\" data-id=\"7724822f\" data-element_type=\"widget\" data-widget_type=\"text-editor.default\">\n\t\t\t\t<div class=\"elementor-widget-container\">\n\t\t\t<style>\/*! elementor - v3.23.0 - 25-07-2024 *\/\n.elementor-widget-text-editor.elementor-drop-cap-view-stacked .elementor-drop-cap{background-color:#69727d;color:#fff}.elementor-widget-text-editor.elementor-drop-cap-view-framed .elementor-drop-cap{color:#69727d;border:3px solid;background-color:transparent}.elementor-widget-text-editor:not(.elementor-drop-cap-view-default) .elementor-drop-cap{margin-top:8px}.elementor-widget-text-editor:not(.elementor-drop-cap-view-default) .elementor-drop-cap-letter{width:1em;height:1em}.elementor-widget-text-editor .elementor-drop-cap{float:left;text-align:center;line-height:1;font-size:50px}.elementor-widget-text-editor .elementor-drop-cap-letter{display:inline-block}<\/style>\t\t\t\t<p>At studiobenkert, we are dedicated to pushing the boundaries of creativity and innovation through the power of 3D printing. We specialize in providing high-quality, large-scale 3D printing services that cater to a wide range of industries, from architecture and manufacturing to art and design. With our state-of-the-art technology and a team of experienced professionals, we are your trusted partner for bringing your 3D printing visions to life.<\/p><p>We use state-of-the-art 3D printing technology to achieve precise and high-quality results. Learn more about our equipment and techniques that enable us to realise even the most even the most challenging projects.<\/p><p>From prototypes and customised solutions to large-scale print jobs, we offer a wide range of 3D printing services. We turn your ideas into impressive reality and support you every step of the way.<\/p>\t\t\t\t\t\t<\/div>\n\t\t\t\t<\/div>\n\t\t\t\t<\/div>\n\t\t<div class=\"elementor-element elementor-element-50258b1b e-con-full e-flex e-con e-child\" data-id=\"50258b1b\" data-element_type=\"container\">\n\t\t\t\t<div class=\"elementor-element elementor-element-99cef1a elementor-widget elementor-widget-text-editor\" data-id=\"99cef1a\" data-element_type=\"widget\" data-widget_type=\"text-editor.default\">\n\t\t\t\t<div class=\"elementor-widget-container\">\n\t\t\t\t\t\t\t<p>Wir von studiobenkert haben es uns zur Aufgabe gemacht, die Grenzen der Kreativit\u00e4t und Innovation durch die Kraft des 3D-Drucks zu erweitern. Wir haben uns darauf spezialisiert, hochwertige 3D-Druckdienstleistungen in gro\u00dfem Ma\u00dfstab f\u00fcr eine Vielzahl von Branchen anzubieten, von Architektur und Fertigung bis hin zu Kunst und Design. Mit unserer hochmodernen Technologie und einem Team aus erfahrenen Fachleuten sind wir Ihr zuverl\u00e4ssiger Partner, wenn es darum geht, Ihre Visionen im 3D-Druck zum Leben zu erwecken.<\/p><p>Wir verwenden modernste 3D-Drucktechnologie, um pr\u00e4zise<br \/>und hochwertige Ergebnisse zu erzielen. Erfahren Sie mehr \u00fcber unsere<br \/>Ausr\u00fcstung und Techniken, die es uns erm\u00f6glichen, selbst die<br \/>anspruchsvollsten Projekte zu realisieren.<\/p><p>Von Prototypen und ma\u00dfgeschneiderten L\u00f6sungen bis hin zu Gro\u00dfdruckauftr\u00e4gen bieten wir ein breites Spektrum an 3D-Druckdienstleistungen. Wir setzen Ihre Ideen in beeindruckende Realit\u00e4t um und unterst\u00fctzen Sie bei jedem Schritt des Prozesses.<\/p>\t\t\t\t\t\t<\/div>\n\t\t\t\t<\/div>\n\t\t\t\t<div class=\"elementor-element elementor-element-4abb835f e-transform elementor-widget elementor-widget-image\" data-id=\"4abb835f\" data-element_type=\"widget\" data-settings=\"{&quot;sticky_offset&quot;:100,&quot;sticky_parent&quot;:&quot;yes&quot;,&quot;_animation&quot;:&quot;none&quot;,&quot;_transform_rotateZ_effect&quot;:{&quot;unit&quot;:&quot;px&quot;,&quot;size&quot;:-16,&quot;sizes&quot;:[]},&quot;motion_fx_motion_fx_scrolling&quot;:&quot;yes&quot;,&quot;motion_fx_opacity_effect&quot;:&quot;yes&quot;,&quot;motion_fx_opacity_direction&quot;:&quot;in-out&quot;,&quot;motion_fx_opacity_range&quot;:{&quot;unit&quot;:&quot;%&quot;,&quot;size&quot;:&quot;&quot;,&quot;sizes&quot;:{&quot;start&quot;:66,&quot;end&quot;:76}},&quot;sticky&quot;:&quot;top&quot;,&quot;motion_fx_devices&quot;:[&quot;desktop&quot;],&quot;sticky_on&quot;:[&quot;desktop&quot;],&quot;motion_fx_opacity_level&quot;:{&quot;unit&quot;:&quot;px&quot;,&quot;size&quot;:10,&quot;sizes&quot;:[]},&quot;sticky_effects_offset&quot;:0,&quot;_transform_rotateZ_effect_tablet&quot;:{&quot;unit&quot;:&quot;deg&quot;,&quot;size&quot;:&quot;&quot;,&quot;sizes&quot;:[]},&quot;_transform_rotateZ_effect_mobile&quot;:{&quot;unit&quot;:&quot;deg&quot;,&quot;size&quot;:&quot;&quot;,&quot;sizes&quot;:[]}}\" data-widget_type=\"image.default\">\n\t\t\t\t<div class=\"elementor-widget-container\">\n\t\t\t<style>\/*! elementor - v3.23.0 - 25-07-2024 *\/\n.elementor-widget-image{text-align:center}.elementor-widget-image a{display:inline-block}.elementor-widget-image a img[src$=\".svg\"]{width:48px}.elementor-widget-image img{vertical-align:middle;display:inline-block}<\/style>\t\t\t\t\t\t\t\t\t\t<img fetchpriority=\"high\" decoding=\"async\" width=\"800\" height=\"979\" src=\"https:\/\/studiobenkert.com\/wp-content\/uploads\/2023\/10\/studiobenkert-Firmengebaeude-815x997px-1.jpg\" class=\"attachment-large size-large wp-image-673\" alt=\"\" srcset=\"https:\/\/studiobenkert.com\/wp-content\/uploads\/2023\/10\/studiobenkert-Firmengebaeude-815x997px-1.jpg 815w, https:\/\/studiobenkert.com\/wp-content\/uploads\/2023\/10\/studiobenkert-Firmengebaeude-815x997px-1-245x300.jpg 245w, https:\/\/studiobenkert.com\/wp-content\/uploads\/2023\/10\/studiobenkert-Firmengebaeude-815x997px-1-768x940.jpg 768w\" sizes=\"(max-width: 800px) 100vw, 800px\" \/>\t\t\t\t\t\t\t\t\t\t\t\t\t<\/div>\n\t\t\t\t<\/div>\n\t\t\t\t<div class=\"elementor-element elementor-element-bab71cb e-transform elementor-widget elementor-widget-image\" data-id=\"bab71cb\" data-element_type=\"widget\" data-settings=\"{&quot;sticky&quot;:&quot;top&quot;,&quot;sticky_offset&quot;:100,&quot;sticky_parent&quot;:&quot;yes&quot;,&quot;_transform_rotateZ_effect&quot;:{&quot;unit&quot;:&quot;px&quot;,&quot;size&quot;:20,&quot;sizes&quot;:[]},&quot;motion_fx_motion_fx_scrolling&quot;:&quot;yes&quot;,&quot;motion_fx_opacity_effect&quot;:&quot;yes&quot;,&quot;motion_fx_opacity_direction&quot;:&quot;in-out&quot;,&quot;motion_fx_opacity_range&quot;:{&quot;unit&quot;:&quot;%&quot;,&quot;size&quot;:&quot;&quot;,&quot;sizes&quot;:{&quot;start&quot;:43,&quot;end&quot;:60}},&quot;motion_fx_devices&quot;:[&quot;desktop&quot;],&quot;sticky_on&quot;:[&quot;desktop&quot;],&quot;_transform_rotateZ_effect_tablet&quot;:{&quot;unit&quot;:&quot;px&quot;,&quot;size&quot;:3,&quot;sizes&quot;:[]},&quot;motion_fx_opacity_level&quot;:{&quot;unit&quot;:&quot;px&quot;,&quot;size&quot;:10,&quot;sizes&quot;:[]},&quot;sticky_effects_offset&quot;:0,&quot;_transform_rotateZ_effect_mobile&quot;:{&quot;unit&quot;:&quot;deg&quot;,&quot;size&quot;:&quot;&quot;,&quot;sizes&quot;:[]}}\" data-widget_type=\"image.default\">\n\t\t\t\t<div class=\"elementor-widget-container\">\n\t\t\t\t\t\t\t\t\t\t\t\t\t<img decoding=\"async\" width=\"538\" height=\"1024\" src=\"https:\/\/studiobenkert.com\/wp-content\/uploads\/2023\/10\/studiobenkert-Firmengebaeude-nachts-551x1049px-1-538x1024.jpg\" class=\"attachment-large size-large wp-image-674\" alt=\"\" srcset=\"https:\/\/studiobenkert.com\/wp-content\/uploads\/2023\/10\/studiobenkert-Firmengebaeude-nachts-551x1049px-1-538x1024.jpg 538w, https:\/\/studiobenkert.com\/wp-content\/uploads\/2023\/10\/studiobenkert-Firmengebaeude-nachts-551x1049px-1-158x300.jpg 158w, https:\/\/studiobenkert.com\/wp-content\/uploads\/2023\/10\/studiobenkert-Firmengebaeude-nachts-551x1049px-1.jpg 551w\" sizes=\"(max-width: 538px) 100vw, 538px\" \/>\t\t\t\t\t\t\t\t\t\t\t\t\t<\/div>\n\t\t\t\t<\/div>\n\t\t\t\t<\/div>\n\t\t\t\t<\/div>\n\t\t\t\t<\/div>\n\t\t\t\t<\/div>\n\t\t<div class=\"elementor-element elementor-element-7cbcbcd5 e-con-full e-flex e-con e-parent\" data-id=\"7cbcbcd5\" data-element_type=\"container\" data-settings=\"{&quot;background_background&quot;:&quot;classic&quot;,&quot;background_motion_fx_motion_fx_scrolling&quot;:&quot;yes&quot;,&quot;background_motion_fx_translateX_effect&quot;:&quot;yes&quot;,&quot;background_motion_fx_translateX_speed&quot;:{&quot;unit&quot;:&quot;px&quot;,&quot;size&quot;:10,&quot;sizes&quot;:[]},&quot;background_motion_fx_translateX_affectedRange&quot;:{&quot;unit&quot;:&quot;%&quot;,&quot;size&quot;:&quot;&quot;,&quot;sizes&quot;:{&quot;start&quot;:49,&quot;end&quot;:100}},&quot;background_motion_fx_devices&quot;:[&quot;mobile&quot;]}\">\n\t\t<div class=\"elementor-element elementor-element-19f3ccc2 e-con-full e-flex e-con e-child\" data-id=\"19f3ccc2\" data-element_type=\"container\">\n\t\t\t\t<div class=\"elementor-element elementor-element-4c8618bb elementor-position-top elementor-widget elementor-widget-image-box\" data-id=\"4c8618bb\" data-element_type=\"widget\" data-widget_type=\"image-box.default\">\n\t\t\t\t<div class=\"elementor-widget-container\">\n\t\t\t<style>\/*! elementor - v3.23.0 - 25-07-2024 *\/\n.elementor-widget-image-box .elementor-image-box-content{width:100%}@media (min-width:768px){.elementor-widget-image-box.elementor-position-left .elementor-image-box-wrapper,.elementor-widget-image-box.elementor-position-right .elementor-image-box-wrapper{display:flex}.elementor-widget-image-box.elementor-position-right .elementor-image-box-wrapper{text-align:end;flex-direction:row-reverse}.elementor-widget-image-box.elementor-position-left .elementor-image-box-wrapper{text-align:start;flex-direction:row}.elementor-widget-image-box.elementor-position-top .elementor-image-box-img{margin:auto}.elementor-widget-image-box.elementor-vertical-align-top .elementor-image-box-wrapper{align-items:flex-start}.elementor-widget-image-box.elementor-vertical-align-middle .elementor-image-box-wrapper{align-items:center}.elementor-widget-image-box.elementor-vertical-align-bottom .elementor-image-box-wrapper{align-items:flex-end}}@media (max-width:767px){.elementor-widget-image-box .elementor-image-box-img{margin-left:auto!important;margin-right:auto!important;margin-bottom:15px}}.elementor-widget-image-box .elementor-image-box-img{display:inline-block}.elementor-widget-image-box .elementor-image-box-title a{color:inherit}.elementor-widget-image-box .elementor-image-box-wrapper{text-align:center}.elementor-widget-image-box .elementor-image-box-description{margin:0}<\/style><div class=\"elementor-image-box-wrapper\"><figure class=\"elementor-image-box-img\"><img decoding=\"async\" width=\"1237\" height=\"1702\" src=\"https:\/\/studiobenkert.com\/wp-content\/uploads\/2023\/10\/Benkert-Jochen_0090-scaled-e1696855052388-1.jpg\" class=\"elementor-animation-shrink attachment-full size-full wp-image-676\" alt=\"\" srcset=\"https:\/\/studiobenkert.com\/wp-content\/uploads\/2023\/10\/Benkert-Jochen_0090-scaled-e1696855052388-1.jpg 1237w, https:\/\/studiobenkert.com\/wp-content\/uploads\/2023\/10\/Benkert-Jochen_0090-scaled-e1696855052388-1-218x300.jpg 218w, https:\/\/studiobenkert.com\/wp-content\/uploads\/2023\/10\/Benkert-Jochen_0090-scaled-e1696855052388-1-744x1024.jpg 744w, https:\/\/studiobenkert.com\/wp-content\/uploads\/2023\/10\/Benkert-Jochen_0090-scaled-e1696855052388-1-768x1057.jpg 768w, https:\/\/studiobenkert.com\/wp-content\/uploads\/2023\/10\/Benkert-Jochen_0090-scaled-e1696855052388-1-1116x1536.jpg 1116w\" sizes=\"(max-width: 1237px) 100vw, 1237px\" \/><\/figure><div class=\"elementor-image-box-content\"><h3 class=\"elementor-image-box-title\">Jochen Benkert<br>CEO Benkert GmbH<\/h3><\/div><\/div>\t\t<\/div>\n\t\t\t\t<\/div>\n\t\t\t\t<\/div>\n\t\t<div class=\"elementor-element elementor-element-45369d55 e-con-full e-flex e-con e-child\" data-id=\"45369d55\" data-element_type=\"container\">\n\t\t\t\t<div class=\"elementor-element elementor-element-3c87da9b elementor-widget elementor-widget-text-editor\" data-id=\"3c87da9b\" data-element_type=\"widget\" data-widget_type=\"text-editor.default\">\n\t\t\t\t<div class=\"elementor-widget-container\">\n\t\t\t\t\t\t\t<p><strong>Jochen Benkert successfully runs the family business in the second generation. For more than 35 years, the Benkert company has stood for the highest quality, genuine craftsmanship and experience.<\/strong><\/p>\t\t\t\t\t\t<\/div>\n\t\t\t\t<\/div>\n\t\t\t\t<div class=\"elementor-element elementor-element-75f07372 elementor-widget elementor-widget-text-editor\" data-id=\"75f07372\" data-element_type=\"widget\" data-widget_type=\"text-editor.default\">\n\t\t\t\t<div class=\"elementor-widget-container\">\n\t\t\t\t\t\t\t<p>Jochen Benkert f\u00fchrt das Familienunternehmen erfolgreich in zweiter Generation. Seit mehr als 35 Jahren steht die Firma Benkert f\u00fcr h\u00f6chste Qualit\u00e4t, echtes Handwerk und Erfahrung.<\/p>\t\t\t\t\t\t<\/div>\n\t\t\t\t<\/div>\n\t\t\t\t<\/div>\n\t\t<div class=\"elementor-element elementor-element-63e40c20 e-con-full e-flex e-con e-child\" data-id=\"63e40c20\" data-element_type=\"container\">\n\t\t\t\t<div class=\"elementor-element elementor-element-532efaad elementor-widget__width-auto elementor-icon-list--layout-traditional elementor-list-item-link-full_width elementor-widget elementor-widget-icon-list\" data-id=\"532efaad\" data-element_type=\"widget\" data-widget_type=\"icon-list.default\">\n\t\t\t\t<div class=\"elementor-widget-container\">\n\t\t\t\t\t<ul class=\"elementor-icon-list-items\">\n\t\t\t\t\t\t\t<li class=\"elementor-icon-list-item\">\n\t\t\t\t\t\t\t\t\t\t\t<span class=\"elementor-icon-list-icon\">\n\t\t\t\t\t\t\t<svg xmlns=\"http:\/\/www.w3.org\/2000\/svg\" id=\"a7b0d86f-135d-4a38-9d57-3b7255e4a965\" data-name=\"Layer 1\" width=\"14\" height=\"14\" viewBox=\"0 0 14 14\"><path d=\"M7,14a7,7,0,1,1,7-7A7.0081,7.0081,0,0,1,7,14ZM7,1.5A5.5,5.5,0,1,0,12.5,7,5.5062,5.5062,0,0,0,7,1.5Z\"><\/path><\/svg>\t\t\t\t\t\t<\/span>\n\t\t\t\t\t\t\t\t\t\t<span class=\"elementor-icon-list-text\">35 YEARS EXPERIENCE<\/span>\n\t\t\t\t\t\t\t\t\t<\/li>\n\t\t\t\t\t\t<\/ul>\n\t\t\t\t<\/div>\n\t\t\t\t<\/div>\n\t\t\t\t<\/div>\n\t\t\t\t<\/div>\n\t\t<div class=\"elementor-element elementor-element-4339e44f e-flex e-con-boxed e-con e-parent\" data-id=\"4339e44f\" data-element_type=\"container\" data-settings=\"{&quot;background_background&quot;:&quot;classic&quot;}\">\n\t\t\t\t\t<div class=\"e-con-inner\">\n\t\t\t\t<div class=\"elementor-element elementor-element-277a784f elementor-widget__width-initial elementor-widget elementor-widget-text-editor\" data-id=\"277a784f\" data-element_type=\"widget\" data-widget_type=\"text-editor.default\">\n\t\t\t\t<div class=\"elementor-widget-container\">\n\t\t\t\t\t\t\t<p><strong>Do you have questions or want a quote for your next 3D printing job? Contact us today. Our team is available to discuss your concerns and help you achieve your goals!<\/strong><\/p><p>Haben Sie Fragen oder m\u00f6chten Sie ein Angebot f\u00fcr Ihren n\u00e4chsten 3D-Druckauftrag erhalten? Kontaktieren Sie uns heute. Unser Team steht Ihnen gerne zur Verf\u00fcgung, um Ihre Anliegen zu besprechen und Ihnen zu helfen, Ihre Ziele zu erreichen!<\/p>\t\t\t\t\t\t<\/div>\n\t\t\t\t<\/div>\n\t\t\t\t<div class=\"elementor-element elementor-element-544f2788 elementor-align-center elementor-mobile-align-center elementor-tablet-align-left elementor-widget elementor-widget-button\" data-id=\"544f2788\" data-element_type=\"widget\" data-widget_type=\"button.default\">\n\t\t\t\t<div class=\"elementor-widget-container\">\n\t\t\t\t\t<div class=\"elementor-button-wrapper\">\n\t\t\t<a class=\"elementor-button elementor-button-link elementor-size-sm elementor-animation-shrink\" href=\"mailto:mail@studiobenkert.com\">\n\t\t\t\t\t\t<span class=\"elementor-button-content-wrapper\">\n\t\t\t\t\t\t\t\t\t<span class=\"elementor-button-text\">CONTACT US<\/span>\n\t\t\t\t\t<\/span>\n\t\t\t\t\t<\/a>\n\t\t<\/div>\n\t\t\t\t<\/div>\n\t\t\t\t<\/div>\n\t\t\t\t\t<\/div>\n\t\t\t\t<\/div>\n\t\t\t\t<\/div>\n\t\t","protected":false},"excerpt":{"rendered":"<p>ABOUT US WE ARE studiobenkert At studiobenkert, we are dedicated to pushing the boundaries of creativity and innovation through the power of 3D printing. We specialize in providing high-quality, large-scale 3D printing services that cater to a wide range of industries, from architecture and manufacturing to art and design. With our state-of-the-art technology and a [&hellip;]<\/p>\n","protected":false},"author":1,"featured_media":0,"parent":0,"menu_order":0,"comment_status":"closed","ping_status":"closed","template":"","meta":{"footnotes":""},"class_list":["post-970","page","type-page","status-publish","hentry"],"_links":{"self":[{"href":"https:\/\/studiobenkert.com\/index.php\/wp-json\/wp\/v2\/pages\/970","targetHints":{"allow":["GET"]}}],"collection":[{"href":"https:\/\/studiobenkert.com\/index.php\/wp-json\/wp\/v2\/pages"}],"about":[{"href":"https:\/\/studiobenkert.com\/index.php\/wp-json\/wp\/v2\/types\/page"}],"author":[{"embeddable":true,"href":"https:\/\/studiobenkert.com\/index.php\/wp-json\/wp\/v2\/users\/1"}],"replies":[{"embeddable":true,"href":"https:\/\/studiobenkert.com\/index.php\/wp-json\/wp\/v2\/comments?post=970"}],"version-history":[{"count":11,"href":"https:\/\/studiobenkert.com\/index.php\/wp-json\/wp\/v2\/pages\/970\/revisions"}],"predecessor-version":[{"id":1191,"href":"https:\/\/studiobenkert.com\/index.php\/wp-json\/wp\/v2\/pages\/970\/revisions\/1191"}],"wp:attachment":[{"href":"https:\/\/studiobenkert.com\/index.php\/wp-json\/wp\/v2\/media?parent=970"}],"curies":[{"name":"wp","href":"https:\/\/api.w.org\/{rel}","templated":true}]}}